{"id":5453,"date":"2018-03-24T21:08:11","date_gmt":"2018-03-24T20:08:11","guid":{"rendered":"http:\/\/www.zssanov.cz\/?page_id=5453"},"modified":"2025-09-26T10:57:17","modified_gmt":"2025-09-26T08:57:17","slug":"dulezite-dokumenty","status":"publish","type":"page","link":"https:\/\/www.zssanov.cz\/en\/materska-skola-2\/dulezite-dokumenty\/","title":{"rendered":"Important documents of kindergarten"},"content":{"rendered":"<p><strong><a href=\"https:\/\/www.zssanov.cz\/wp-content\/uploads\/SVP_PVs_dod_12-1.pdf\" data-type=\"link\" data-id=\"https:\/\/www.zssanov.cz\/wp-content\/uploads\/SVP_PVs_dod_12-1.pdf\" target=\"_blank\" rel=\"noreferrer noopener\">\u0160koln\u00ed vzd\u011bl\u00e1vac\u00ed program M\u0160<\/a><\/strong><\/p>\n\n\n\n<p><a href=\"https:\/\/www.zssanov.cz\/wp-content\/uploads\/Skolni_rad_MS_platny_od_01_09_2024.pdf\" target=\"_blank\" rel=\"noreferrer noopener\"><strong>\u0160koln\u00ed \u0159\u00e1d M\u0160<\/strong><\/a><\/p>\n\n\n\n<hr class=\"wp-block-separator has-alpha-channel-opacity\"\/>\n\n\n\n<p><a href=\"https:\/\/www.zssanov.cz\/wp-content\/uploads\/Pokyn_RS_ke_stanoveni_uplaty_za_MS_2025_26.pdf\"><strong>Pokyn \u0159editelky \u0161koly ke stanoven\u00ed \u00faplaty za p\u0159ed\u0161koln\u00ed vzd\u011bl\u00e1v\u00e1n\u00ed pro \u0161koln\u00ed rok 2025\/2026<\/strong><\/a><\/p>\n\n\n\n<hr class=\"wp-block-separator has-alpha-channel-opacity\"\/>\n\n\n\n<p><strong><a href=\"https:\/\/www.zssanov.cz\/wp-content\/uploads\/Plan_MS_2025_26.pdf\" target=\"_blank\" rel=\"noreferrer noopener\">Pl\u00e1n M\u0160 ve \u0161koln\u00edm roce 2025\/2026<\/a><\/strong><\/p>\n\n\n\n<p>Organizace dne v M\u0160 ve \u0161koln\u00edm roce 2025\/2026 :<\/p>\n\n\n\n<ul>\n<li><strong><a href=\"https:\/\/www.zssanov.cz\/wp-content\/uploads\/Organizace-dne-_2025_2026_Veverky.pdf\" target=\"_blank\" rel=\"noreferrer noopener\">t\u0159\u00edda Veverky<\/a><\/strong><\/li>\n<\/ul>\n\n\n\n<ul>\n<li><strong><a href=\"https:\/\/www.zssanov.cz\/wp-content\/uploads\/Organizace-dne-2025_2026_Broucci.pdf\" target=\"_blank\" rel=\"noreferrer noopener\">t\u0159\u00edda Brou\u010dci<\/a><\/strong><\/li>\n<\/ul>\n\n\n\n<ul>\n<li><strong><a href=\"https:\/\/www.zssanov.cz\/wp-content\/uploads\/Organizace_dne_2025_2026_Motylci.pdf\" target=\"_blank\" rel=\"noreferrer noopener\">t\u0159\u00edda Mot\u00fdlci<\/a><\/strong><\/li>\n<\/ul>\n\n\n\n<hr class=\"wp-block-separator has-alpha-channel-opacity\"\/>\n\n\n\n<p><strong><a href=\"http:\/\/www.zssanov.cz\/wp-content\/uploads\/Jak_zvladnout_zacatek_v_MS.pdf\" target=\"_blank\" rel=\"noopener noreferrer\">N\u011bkolik u\u017eite\u010dn\u00fdch rad a informac\u00ed<\/a><\/strong>, co s sebou do M\u0160 a jak nejl\u00e9pe zvl\u00e1dnout za\u010d\u00e1tek \u0161koln\u00edho roku v mate\u0159sk\u00e9 \u0161kolce.<\/p>","protected":false},"excerpt":{"rendered":"<p>\u0160koln\u00ed vzd\u011bl\u00e1vac\u00ed program M\u0160 \u0160koln\u00ed \u0159\u00e1d M\u0160 Pokyn \u0159editelky \u0161koly ke stanoven\u00ed \u00faplaty za p\u0159ed\u0161koln\u00ed vzd\u011bl\u00e1v\u00e1n\u00ed pro \u0161koln\u00ed rok 2025\/2026 Pl\u00e1n M\u0160 ve \u0161koln\u00edm roce 2025\/2026 Organizace dne v M\u0160 ve \u0161koln\u00edm roce 2025\/2026 : N\u011bkolik u\u017eite\u010dn\u00fdch rad a informac\u00ed, co s sebou do M\u0160 a jak nejl\u00e9pe zvl\u00e1dnout za\u010d\u00e1tek \u0161koln\u00edho roku v mate\u0159sk\u00e9 \u0161kolce.<\/p>","protected":false},"author":2,"featured_media":0,"parent":3567,"menu_order":1,"comment_status":"closed","ping_status":"closed","template":"","meta":{"footnotes":"","_links_to":"","_links_to_target":""},"_links":{"self":[{"href":"https:\/\/www.zssanov.cz\/en\/wp-json\/wp\/v2\/pages\/5453"}],"collection":[{"href":"https:\/\/www.zssanov.cz\/en\/wp-json\/wp\/v2\/pages"}],"about":[{"href":"https:\/\/www.zssanov.cz\/en\/wp-json\/wp\/v2\/types\/page"}],"author":[{"embeddable":true,"href":"https:\/\/www.zssanov.cz\/en\/wp-json\/wp\/v2\/users\/2"}],"replies":[{"embeddable":true,"href":"https:\/\/www.zssanov.cz\/en\/wp-json\/wp\/v2\/comments?post=5453"}],"version-history":[{"count":60,"href":"https:\/\/www.zssanov.cz\/en\/wp-json\/wp\/v2\/pages\/5453\/revisions"}],"predecessor-version":[{"id":17005,"href":"https:\/\/www.zssanov.cz\/en\/wp-json\/wp\/v2\/pages\/5453\/revisions\/17005"}],"up":[{"embeddable":true,"href":"https:\/\/www.zssanov.cz\/en\/wp-json\/wp\/v2\/pages\/3567"}],"wp:attachment":[{"href":"https:\/\/www.zssanov.cz\/en\/wp-json\/wp\/v2\/media?parent=5453"}],"curies":[{"name":"wp","href":"https:\/\/api.w.org\/{rel}","templated":true}]}}