{"id":3567,"date":"2014-10-29T16:40:23","date_gmt":"2014-10-29T15:40:23","guid":{"rendered":"http:\/\/www.zssanov.cz\/?page_id=3567"},"modified":"2019-04-29T22:00:21","modified_gmt":"2019-04-29T20:00:21","slug":"materska-skola-2","status":"publish","type":"page","link":"https:\/\/www.zssanov.cz\/en\/materska-skola-2\/","title":{"rendered":"Kindergarten"},"content":{"rendered":"<p style=\"font-size:21px;text-align:center\">V na\u0161\u00ed \u0161kolce ka\u017ed\u00fd den jdeme kr\u016f\u010dek za kr\u016f\u010dkem.<br> Za pozn\u00e1n\u00edm, za poh\u00e1dkou,  s p\u00edsni\u010dkou i kamar\u00e1dkou.<br> A\u0165 jsou n\u00e1m t\u0159i nebo p\u011bt, chceme poznat cel\u00fd sv\u011bt.<\/p>\n\n\n\n<div class=\"wp-block-image\"><figure class=\"aligncenter is-resized\"><a href=\"http:\/\/www.zssanov.cz\/wp-content\/uploads\/DSC_0212.jpg\"><img loading=\"lazy\" decoding=\"async\" src=\"http:\/\/www.zssanov.cz\/wp-content\/uploads\/DSC_0212-700x467.jpg\" alt=\"\" class=\"wp-image-6819\" width=\"766\" height=\"509\"\/><\/a><\/figure><\/div>\n\n\n\n<ul class=\"wp-block-gallery alignright columns-2 is-cropped wp-block-gallery-1 is-layout-flex wp-block-gallery-is-layout-flex\"><li class=\"blocks-gallery-item\"><figure><a href=\"http:\/\/www.zssanov.cz\/wp-content\/uploads\/DSC_0173-700x467.jpg\"><img loading=\"lazy\" decoding=\"async\" width=\"700\" height=\"467\" src=\"http:\/\/www.zssanov.cz\/wp-content\/uploads\/DSC_0173-700x467.jpg\" alt=\"\" data-id=\"6824\" data-link=\"http:\/\/www.zssanov.cz\/?attachment_id=6824\" class=\"wp-image-6824\" srcset=\"https:\/\/www.zssanov.cz\/wp-content\/uploads\/DSC_0173-700x467.jpg 700w, https:\/\/www.zssanov.cz\/wp-content\/uploads\/DSC_0173-300x200.jpg 300w, https:\/\/www.zssanov.cz\/wp-content\/uploads\/DSC_0173-768x512.jpg 768w\" sizes=\"(max-width: 700px) 100vw, 700px\" \/><\/a><\/figure><\/li><li class=\"blocks-gallery-item\"><figure><a href=\"http:\/\/www.zssanov.cz\/wp-content\/uploads\/DSC_0184-700x467.jpg\"><img loading=\"lazy\" decoding=\"async\" width=\"700\" height=\"467\" src=\"http:\/\/www.zssanov.cz\/wp-content\/uploads\/DSC_0184-700x467.jpg\" alt=\"\" data-id=\"6825\" data-link=\"http:\/\/www.zssanov.cz\/?attachment_id=6825\" class=\"wp-image-6825\" srcset=\"https:\/\/www.zssanov.cz\/wp-content\/uploads\/DSC_0184-700x467.jpg 700w, https:\/\/www.zssanov.cz\/wp-content\/uploads\/DSC_0184-300x200.jpg 300w, https:\/\/www.zssanov.cz\/wp-content\/uploads\/DSC_0184-768x512.jpg 768w\" sizes=\"(max-width: 700px) 100vw, 700px\" \/><\/a><\/figure><\/li><li class=\"blocks-gallery-item\"><figure><a href=\"http:\/\/www.zssanov.cz\/wp-content\/uploads\/DSC_0154-1-700x467.jpg\"><img loading=\"lazy\" decoding=\"async\" width=\"700\" height=\"467\" src=\"http:\/\/www.zssanov.cz\/wp-content\/uploads\/DSC_0154-1-700x467.jpg\" alt=\"\" data-id=\"6829\" data-link=\"http:\/\/www.zssanov.cz\/?attachment_id=6829\" class=\"wp-image-6829\" srcset=\"https:\/\/www.zssanov.cz\/wp-content\/uploads\/DSC_0154-1-700x467.jpg 700w, https:\/\/www.zssanov.cz\/wp-content\/uploads\/DSC_0154-1-300x200.jpg 300w, https:\/\/www.zssanov.cz\/wp-content\/uploads\/DSC_0154-1-768x512.jpg 768w\" sizes=\"(max-width: 700px) 100vw, 700px\" \/><\/a><\/figure><\/li><li class=\"blocks-gallery-item\"><figure><a href=\"http:\/\/www.zssanov.cz\/wp-content\/uploads\/DSC_0172-700x467.jpg\"><img loading=\"lazy\" decoding=\"async\" width=\"700\" height=\"467\" src=\"http:\/\/www.zssanov.cz\/wp-content\/uploads\/DSC_0172-700x467.jpg\" alt=\"\" data-id=\"6827\" data-link=\"http:\/\/www.zssanov.cz\/?attachment_id=6827\" class=\"wp-image-6827\" srcset=\"https:\/\/www.zssanov.cz\/wp-content\/uploads\/DSC_0172-700x467.jpg 700w, https:\/\/www.zssanov.cz\/wp-content\/uploads\/DSC_0172-300x200.jpg 300w, https:\/\/www.zssanov.cz\/wp-content\/uploads\/DSC_0172-768x512.jpg 768w\" sizes=\"(max-width: 700px) 100vw, 700px\" \/><\/a><\/figure><\/li><\/ul>\n\n\n\n<p><strong>Hur\u00e1!<\/strong><br>Na\u0161e mate\u0159sk\u00e1 \u0161kola je nejen m\u00edstem z\u00e1bavy, ale i m\u00edstem v\u00fdchovy a vzd\u011bl\u00e1v\u00e1n\u00ed. D\u00edky bezbari\u00e9rov\u00e9mu p\u0159\u00edstupu spl\u0148uje po\u017eadavky i pro d\u011bti se specifick\u00fdmi pohybov\u00fdmi pot\u0159ebami. M\u00e1me k vyu\u017eit\u00ed t\u0159i prostorn\u00e9 t\u0159\u00eddy, modern\u00ed kuchy\u0148 a velkou \u0161koln\u00ed zahradu se zcela p\u0159\u00edrodn\u00edm charakterem.<br>Prioritou je, aby d\u011bti p\u0159ich\u00e1zely do M\u0160 r\u00e1dy, t\u011b\u0161ily se na sv\u00e9 u\u010ditelky a kamar\u00e1dy, c\u00edtily se zde dob\u0159e a bezpe\u010dn\u011b a nalezly tu aktivity, kter\u00e9 je rozv\u00edjej\u00ed a uspokojuj\u00ed. Najdou zde hrav\u00e9 a \u00fatuln\u00e9 prost\u0159ed\u00ed. <\/p>\n\n\n\n<p>P\u0159i h\u0159e se zam\u011b\u0159ujeme na t\u011blesn\u00fd i du\u0161evn\u00ed\nrozvoj. D\u011bti u n\u00e1s maj\u00ed celou \u0159adu aktivit, kter\u00e9 napom\u00e1haj\u00ed jejich komplexn\u00edmu\nrozvoji. Rozv\u00edj\u00edme v\u00fdtvarn\u00e9, pohybov\u00e9 a hudebn\u00ed dovednosti, pracovn\u00ed n\u00e1vyky,\nrozumov\u00e9 schopnosti, pam\u011b\u0165 i \u0159e\u010d. Klademe d\u016fraz na dostate\u010dn\u00e9 mno\u017estv\u00ed\np\u0159\u00edle\u017eitost\u00ed k pohybu a h\u0159e d\u011bt\u00ed.<\/p>\n\n\n\n<ul class=\"wp-block-gallery aligncenter columns-3 is-cropped wp-block-gallery-2 is-layout-flex wp-block-gallery-is-layout-flex\"><li class=\"blocks-gallery-item\"><figure><a href=\"http:\/\/www.zssanov.cz\/wp-content\/uploads\/DSC_0185-700x467.jpg\"><img loading=\"lazy\" decoding=\"async\" width=\"700\" height=\"467\" src=\"http:\/\/www.zssanov.cz\/wp-content\/uploads\/DSC_0185-700x467.jpg\" alt=\"\" data-id=\"6841\" data-link=\"http:\/\/www.zssanov.cz\/?attachment_id=6841\" class=\"wp-image-6841\" srcset=\"https:\/\/www.zssanov.cz\/wp-content\/uploads\/DSC_0185-700x467.jpg 700w, https:\/\/www.zssanov.cz\/wp-content\/uploads\/DSC_0185-300x200.jpg 300w, https:\/\/www.zssanov.cz\/wp-content\/uploads\/DSC_0185-768x512.jpg 768w\" sizes=\"(max-width: 700px) 100vw, 700px\" \/><\/a><\/figure><\/li><li class=\"blocks-gallery-item\"><figure><a href=\"http:\/\/www.zssanov.cz\/wp-content\/uploads\/DSC_0187-700x467.jpg\"><img loading=\"lazy\" decoding=\"async\" width=\"700\" height=\"467\" src=\"http:\/\/www.zssanov.cz\/wp-content\/uploads\/DSC_0187-700x467.jpg\" alt=\"\" data-id=\"6842\" data-link=\"http:\/\/www.zssanov.cz\/?attachment_id=6842\" class=\"wp-image-6842\" srcset=\"https:\/\/www.zssanov.cz\/wp-content\/uploads\/DSC_0187-700x467.jpg 700w, https:\/\/www.zssanov.cz\/wp-content\/uploads\/DSC_0187-300x200.jpg 300w, https:\/\/www.zssanov.cz\/wp-content\/uploads\/DSC_0187-768x512.jpg 768w\" sizes=\"(max-width: 700px) 100vw, 700px\" \/><\/a><\/figure><\/li><li class=\"blocks-gallery-item\"><figure><a href=\"http:\/\/www.zssanov.cz\/wp-content\/uploads\/DSC_0234-700x467.jpg\"><img loading=\"lazy\" decoding=\"async\" width=\"700\" height=\"467\" src=\"http:\/\/www.zssanov.cz\/wp-content\/uploads\/DSC_0234-700x467.jpg\" alt=\"\" data-id=\"6843\" data-link=\"http:\/\/www.zssanov.cz\/?attachment_id=6843\" class=\"wp-image-6843\" srcset=\"https:\/\/www.zssanov.cz\/wp-content\/uploads\/DSC_0234-700x467.jpg 700w, https:\/\/www.zssanov.cz\/wp-content\/uploads\/DSC_0234-300x200.jpg 300w, https:\/\/www.zssanov.cz\/wp-content\/uploads\/DSC_0234-768x512.jpg 768w\" sizes=\"(max-width: 700px) 100vw, 700px\" \/><\/a><\/figure><\/li><\/ul>\n\n\n\n<p>Upev\u0148ujeme hygienick\u00e9 n\u00e1vyky, spole\u010densk\u00e9\nchov\u00e1n\u00ed a kulturu stolov\u00e1n\u00ed.<\/p>\n\n\n\n<ul class=\"wp-block-gallery aligncenter columns-2 is-cropped wp-block-gallery-3 is-layout-flex wp-block-gallery-is-layout-flex\"><li class=\"blocks-gallery-item\"><figure><a href=\"http:\/\/www.zssanov.cz\/wp-content\/uploads\/DSC_0213-700x467.jpg\"><img loading=\"lazy\" decoding=\"async\" width=\"700\" height=\"467\" src=\"http:\/\/www.zssanov.cz\/wp-content\/uploads\/DSC_0213-700x467.jpg\" alt=\"\" data-id=\"6850\" data-link=\"http:\/\/www.zssanov.cz\/?attachment_id=6850\" class=\"wp-image-6850\" srcset=\"https:\/\/www.zssanov.cz\/wp-content\/uploads\/DSC_0213-700x467.jpg 700w, https:\/\/www.zssanov.cz\/wp-content\/uploads\/DSC_0213-300x200.jpg 300w, https:\/\/www.zssanov.cz\/wp-content\/uploads\/DSC_0213-768x512.jpg 768w\" sizes=\"(max-width: 700px) 100vw, 700px\" \/><\/a><\/figure><\/li><li class=\"blocks-gallery-item\"><figure><a href=\"http:\/\/www.zssanov.cz\/wp-content\/uploads\/DSC_0216-700x467.jpg\"><img loading=\"lazy\" decoding=\"async\" width=\"700\" height=\"467\" src=\"http:\/\/www.zssanov.cz\/wp-content\/uploads\/DSC_0216-700x467.jpg\" alt=\"\" data-id=\"6853\" data-link=\"http:\/\/www.zssanov.cz\/?attachment_id=6853\" class=\"wp-image-6853\" srcset=\"https:\/\/www.zssanov.cz\/wp-content\/uploads\/DSC_0216-700x467.jpg 700w, https:\/\/www.zssanov.cz\/wp-content\/uploads\/DSC_0216-300x200.jpg 300w, https:\/\/www.zssanov.cz\/wp-content\/uploads\/DSC_0216-768x512.jpg 768w\" sizes=\"(max-width: 700px) 100vw, 700px\" \/><\/a><\/figure><\/li><\/ul>\n\n\n\n<p>Sna\u017e\u00edme se povzbuzovat a posilovat sebed\u016fv\u011bru d\u011bt\u00ed, chr\u00e1nit je p\u0159ed situacemi a vlivy, kter\u00e9 nezvl\u00e1daj\u00ed a kter\u00e9 je stresuj\u00ed. Nab\u00edz\u00edme d\u011btem \u010dinnosti, kter\u00e9 rozv\u00edj\u00ed pozitivn\u00ed my\u0161len\u00ed, c\u00edt\u011bn\u00ed, pro\u017e\u00edv\u00e1n\u00ed ve vztahu k sob\u011b a k druh\u00fdm.<\/p>\n\n\n\n<ul class=\"wp-block-gallery aligncenter columns-2 is-cropped wp-block-gallery-4 is-layout-flex wp-block-gallery-is-layout-flex\"><li class=\"blocks-gallery-item\"><figure><a href=\"http:\/\/www.zssanov.cz\/wp-content\/uploads\/DSC_0192-700x467.jpg\"><img loading=\"lazy\" decoding=\"async\" width=\"700\" height=\"467\" src=\"http:\/\/www.zssanov.cz\/wp-content\/uploads\/DSC_0192-700x467.jpg\" alt=\"\" data-id=\"6882\" data-link=\"http:\/\/www.zssanov.cz\/?attachment_id=6882\" class=\"wp-image-6882\" srcset=\"https:\/\/www.zssanov.cz\/wp-content\/uploads\/DSC_0192-700x467.jpg 700w, https:\/\/www.zssanov.cz\/wp-content\/uploads\/DSC_0192-300x200.jpg 300w, https:\/\/www.zssanov.cz\/wp-content\/uploads\/DSC_0192-768x512.jpg 768w\" sizes=\"(max-width: 700px) 100vw, 700px\" \/><\/a><\/figure><\/li><li class=\"blocks-gallery-item\"><figure><a href=\"http:\/\/www.zssanov.cz\/wp-content\/uploads\/DSC_0302-700x467.jpg\"><img loading=\"lazy\" decoding=\"async\" width=\"700\" height=\"467\" src=\"http:\/\/www.zssanov.cz\/wp-content\/uploads\/DSC_0302-700x467.jpg\" alt=\"\" data-id=\"6883\" data-link=\"http:\/\/www.zssanov.cz\/?attachment_id=6883\" class=\"wp-image-6883\" srcset=\"https:\/\/www.zssanov.cz\/wp-content\/uploads\/DSC_0302-700x467.jpg 700w, https:\/\/www.zssanov.cz\/wp-content\/uploads\/DSC_0302-300x200.jpg 300w, https:\/\/www.zssanov.cz\/wp-content\/uploads\/DSC_0302-768x512.jpg 768w\" sizes=\"(max-width: 700px) 100vw, 700px\" \/><\/a><\/figure><\/li><li class=\"blocks-gallery-item\"><figure><a href=\"http:\/\/www.zssanov.cz\/wp-content\/uploads\/DSC_0289-700x467.jpg\"><img loading=\"lazy\" decoding=\"async\" width=\"700\" height=\"467\" src=\"http:\/\/www.zssanov.cz\/wp-content\/uploads\/DSC_0289-700x467.jpg\" alt=\"\" data-id=\"6884\" data-link=\"http:\/\/www.zssanov.cz\/?attachment_id=6884\" class=\"wp-image-6884\" srcset=\"https:\/\/www.zssanov.cz\/wp-content\/uploads\/DSC_0289-700x467.jpg 700w, https:\/\/www.zssanov.cz\/wp-content\/uploads\/DSC_0289-300x200.jpg 300w, https:\/\/www.zssanov.cz\/wp-content\/uploads\/DSC_0289-768x512.jpg 768w\" sizes=\"(max-width: 700px) 100vw, 700px\" \/><\/a><\/figure><\/li><li class=\"blocks-gallery-item\"><figure><a href=\"http:\/\/www.zssanov.cz\/wp-content\/uploads\/DSC_0286-700x467.jpg\"><img loading=\"lazy\" decoding=\"async\" width=\"700\" height=\"467\" src=\"http:\/\/www.zssanov.cz\/wp-content\/uploads\/DSC_0286-700x467.jpg\" alt=\"\" data-id=\"6885\" data-link=\"http:\/\/www.zssanov.cz\/?attachment_id=6885\" class=\"wp-image-6885\" srcset=\"https:\/\/www.zssanov.cz\/wp-content\/uploads\/DSC_0286-700x467.jpg 700w, https:\/\/www.zssanov.cz\/wp-content\/uploads\/DSC_0286-300x200.jpg 300w, https:\/\/www.zssanov.cz\/wp-content\/uploads\/DSC_0286-768x512.jpg 768w\" sizes=\"(max-width: 700px) 100vw, 700px\" \/><\/a><\/figure><\/li><\/ul>\n\n\n\n<p>P\u0159i sv\u00e9 pr\u00e1ci umo\u017e\u0148ujeme rozvoj talentovan\u00fdm\nd\u011btem, ale sna\u017e\u00edme se i v r\u00e1mci mo\u017enost\u00ed pomoci d\u011btem s individu\u00e1ln\u00edmi\npot\u0159ebami.<\/p>\n\n\n\n<ul class=\"wp-block-gallery aligncenter columns-4 is-cropped wp-block-gallery-5 is-layout-flex wp-block-gallery-is-layout-flex\"><li class=\"blocks-gallery-item\"><figure><img loading=\"lazy\" decoding=\"async\" width=\"700\" height=\"467\" src=\"http:\/\/www.zssanov.cz\/wp-content\/uploads\/DSC_0239-700x467.jpg\" alt=\"\" data-id=\"6891\" data-link=\"http:\/\/www.zssanov.cz\/?attachment_id=6891\" class=\"wp-image-6891\" srcset=\"https:\/\/www.zssanov.cz\/wp-content\/uploads\/DSC_0239-700x467.jpg 700w, https:\/\/www.zssanov.cz\/wp-content\/uploads\/DSC_0239-300x200.jpg 300w, https:\/\/www.zssanov.cz\/wp-content\/uploads\/DSC_0239-768x512.jpg 768w\" sizes=\"(max-width: 700px) 100vw, 700px\" \/><figcaption>N\u00e1cvik bes\u00eddky<\/figcaption><\/figure><\/li><li class=\"blocks-gallery-item\"><figure><img loading=\"lazy\" decoding=\"async\" width=\"700\" height=\"467\" src=\"http:\/\/www.zssanov.cz\/wp-content\/uploads\/DSC_0246-700x467.jpg\" alt=\"\" data-id=\"6892\" data-link=\"http:\/\/www.zssanov.cz\/?attachment_id=6892\" class=\"wp-image-6892\" srcset=\"https:\/\/www.zssanov.cz\/wp-content\/uploads\/DSC_0246-700x467.jpg 700w, https:\/\/www.zssanov.cz\/wp-content\/uploads\/DSC_0246-300x200.jpg 300w, https:\/\/www.zssanov.cz\/wp-content\/uploads\/DSC_0246-768x512.jpg 768w\" sizes=\"(max-width: 700px) 100vw, 700px\" \/><\/figure><\/li><li class=\"blocks-gallery-item\"><figure><img loading=\"lazy\" decoding=\"async\" width=\"700\" height=\"467\" src=\"http:\/\/www.zssanov.cz\/wp-content\/uploads\/DSC_0248-700x467.jpg\" alt=\"\" data-id=\"6893\" data-link=\"http:\/\/www.zssanov.cz\/?attachment_id=6893\" class=\"wp-image-6893\" srcset=\"https:\/\/www.zssanov.cz\/wp-content\/uploads\/DSC_0248-700x467.jpg 700w, https:\/\/www.zssanov.cz\/wp-content\/uploads\/DSC_0248-300x200.jpg 300w, https:\/\/www.zssanov.cz\/wp-content\/uploads\/DSC_0248-768x512.jpg 768w\" sizes=\"(max-width: 700px) 100vw, 700px\" \/><\/figure><\/li><li class=\"blocks-gallery-item\"><figure><img loading=\"lazy\" decoding=\"async\" width=\"700\" height=\"467\" src=\"http:\/\/www.zssanov.cz\/wp-content\/uploads\/DSC_0249-700x467.jpg\" alt=\"\" data-id=\"6894\" data-link=\"http:\/\/www.zssanov.cz\/?attachment_id=6894\" class=\"wp-image-6894\" srcset=\"https:\/\/www.zssanov.cz\/wp-content\/uploads\/DSC_0249-700x467.jpg 700w, https:\/\/www.zssanov.cz\/wp-content\/uploads\/DSC_0249-300x200.jpg 300w, https:\/\/www.zssanov.cz\/wp-content\/uploads\/DSC_0249-768x512.jpg 768w\" sizes=\"(max-width: 700px) 100vw, 700px\" \/><\/figure><\/li><\/ul>\n\n\n\n<ul class=\"wp-block-gallery aligncenter columns-4 is-cropped wp-block-gallery-6 is-layout-flex wp-block-gallery-is-layout-flex\"><li class=\"blocks-gallery-item\"><figure><a href=\"http:\/\/www.zssanov.cz\/wp-content\/uploads\/IMG_20190416_132254-700x525.jpg\"><img loading=\"lazy\" decoding=\"async\" width=\"700\" height=\"525\" src=\"http:\/\/www.zssanov.cz\/wp-content\/uploads\/IMG_20190416_132254-700x525.jpg\" alt=\"\" data-id=\"6900\" data-link=\"http:\/\/www.zssanov.cz\/?attachment_id=6900\" class=\"wp-image-6900\" srcset=\"https:\/\/www.zssanov.cz\/wp-content\/uploads\/IMG_20190416_132254-700x525.jpg 700w, https:\/\/www.zssanov.cz\/wp-content\/uploads\/IMG_20190416_132254-300x225.jpg 300w, https:\/\/www.zssanov.cz\/wp-content\/uploads\/IMG_20190416_132254-768x576.jpg 768w\" sizes=\"(max-width: 700px) 100vw, 700px\" \/><\/a><figcaption>Na\u0161e v\u00fdzdoba<\/figcaption><\/figure><\/li><li class=\"blocks-gallery-item\"><figure><a href=\"http:\/\/www.zssanov.cz\/wp-content\/uploads\/IMG_20190417_103841-700x525.jpg\"><img loading=\"lazy\" decoding=\"async\" width=\"700\" height=\"525\" src=\"http:\/\/www.zssanov.cz\/wp-content\/uploads\/IMG_20190417_103841-700x525.jpg\" alt=\"\" data-id=\"6901\" data-link=\"http:\/\/www.zssanov.cz\/?attachment_id=6901\" class=\"wp-image-6901\" srcset=\"https:\/\/www.zssanov.cz\/wp-content\/uploads\/IMG_20190417_103841-700x525.jpg 700w, https:\/\/www.zssanov.cz\/wp-content\/uploads\/IMG_20190417_103841-300x225.jpg 300w, https:\/\/www.zssanov.cz\/wp-content\/uploads\/IMG_20190417_103841-768x576.jpg 768w\" sizes=\"(max-width: 700px) 100vw, 700px\" \/><\/a><\/figure><\/li><li class=\"blocks-gallery-item\"><figure><a href=\"http:\/\/www.zssanov.cz\/wp-content\/uploads\/IMG_20190417_103856-700x525.jpg\"><img loading=\"lazy\" decoding=\"async\" width=\"700\" height=\"525\" src=\"http:\/\/www.zssanov.cz\/wp-content\/uploads\/IMG_20190417_103856-700x525.jpg\" alt=\"\" data-id=\"6902\" data-link=\"http:\/\/www.zssanov.cz\/?attachment_id=6902\" class=\"wp-image-6902\" srcset=\"https:\/\/www.zssanov.cz\/wp-content\/uploads\/IMG_20190417_103856-700x525.jpg 700w, https:\/\/www.zssanov.cz\/wp-content\/uploads\/IMG_20190417_103856-300x225.jpg 300w, https:\/\/www.zssanov.cz\/wp-content\/uploads\/IMG_20190417_103856-768x576.jpg 768w\" sizes=\"(max-width: 700px) 100vw, 700px\" \/><\/a><\/figure><\/li><li class=\"blocks-gallery-item\"><figure><a href=\"http:\/\/www.zssanov.cz\/wp-content\/uploads\/IMG_20190417_104015-700x525.jpg\"><img loading=\"lazy\" decoding=\"async\" width=\"700\" height=\"525\" src=\"http:\/\/www.zssanov.cz\/wp-content\/uploads\/IMG_20190417_104015-700x525.jpg\" alt=\"\" data-id=\"6903\" data-link=\"http:\/\/www.zssanov.cz\/?attachment_id=6903\" class=\"wp-image-6903\" srcset=\"https:\/\/www.zssanov.cz\/wp-content\/uploads\/IMG_20190417_104015-700x525.jpg 700w, https:\/\/www.zssanov.cz\/wp-content\/uploads\/IMG_20190417_104015-300x225.jpg 300w, https:\/\/www.zssanov.cz\/wp-content\/uploads\/IMG_20190417_104015-768x576.jpg 768w\" sizes=\"(max-width: 700px) 100vw, 700px\" \/><\/a><\/figure><\/li><\/ul>\n\n\n\n<ul class=\"wp-block-gallery aligncenter columns-2 is-cropped wp-block-gallery-7 is-layout-flex wp-block-gallery-is-layout-flex\"><li class=\"blocks-gallery-item\"><figure><a href=\"http:\/\/www.zssanov.cz\/wp-content\/uploads\/IMG_20190417_094622-700x525.jpg\"><img loading=\"lazy\" decoding=\"async\" width=\"700\" height=\"525\" src=\"http:\/\/www.zssanov.cz\/wp-content\/uploads\/IMG_20190417_094622-700x525.jpg\" alt=\"\" data-id=\"6906\" data-link=\"http:\/\/www.zssanov.cz\/?attachment_id=6906\" class=\"wp-image-6906\" srcset=\"https:\/\/www.zssanov.cz\/wp-content\/uploads\/IMG_20190417_094622-700x525.jpg 700w, https:\/\/www.zssanov.cz\/wp-content\/uploads\/IMG_20190417_094622-300x225.jpg 300w, https:\/\/www.zssanov.cz\/wp-content\/uploads\/IMG_20190417_094622-768x576.jpg 768w\" sizes=\"(max-width: 700px) 100vw, 700px\" \/><\/a><figcaption>Oslava narozenin&#8230;<\/figcaption><\/figure><\/li><li class=\"blocks-gallery-item\"><figure><a href=\"http:\/\/www.zssanov.cz\/wp-content\/uploads\/DSC_0151-700x467.jpg\"><img loading=\"lazy\" decoding=\"async\" width=\"700\" height=\"467\" src=\"http:\/\/www.zssanov.cz\/wp-content\/uploads\/DSC_0151-700x467.jpg\" alt=\"\" data-id=\"6907\" data-link=\"http:\/\/www.zssanov.cz\/?attachment_id=6907\" class=\"wp-image-6907\" srcset=\"https:\/\/www.zssanov.cz\/wp-content\/uploads\/DSC_0151-700x467.jpg 700w, https:\/\/www.zssanov.cz\/wp-content\/uploads\/DSC_0151-300x200.jpg 300w, https:\/\/www.zssanov.cz\/wp-content\/uploads\/DSC_0151-768x512.jpg 768w\" sizes=\"(max-width: 700px) 100vw, 700px\" \/><\/a><\/figure><\/li><\/ul>\n\n\n\n<figure class=\"wp-block-embed-youtube wp-block-embed is-type-video is-provider-youtube wp-embed-aspect-16-9 wp-has-aspect-ratio\"><div class=\"wp-block-embed__wrapper\">\n<iframe loading=\"lazy\" width=\"900\" height=\"506\" src=\"https:\/\/www.youtube.com\/embed\/b2IWPcT6qd0?feature=oembed\" frameborder=\"0\" allow=\"accelerometer; autoplay; encrypted-media; gyroscope; picture-in-picture\" allowfullscreen><\/iframe>\n<\/div><figcaption>A takto slav\u00edme v na\u0161\u00ed \u0161kolce narozeniny!<\/figcaption><\/figure>","protected":false},"excerpt":{"rendered":"<p>V na\u0161\u00ed \u0161kolce ka\u017ed\u00fd den jdeme kr\u016f\u010dek za kr\u016f\u010dkem. Za pozn\u00e1n\u00edm, za poh\u00e1dkou, s p\u00edsni\u010dkou i kamar\u00e1dkou. A\u0165 jsou n\u00e1m t\u0159i nebo p\u011bt, chceme poznat cel\u00fd sv\u011bt. Hur\u00e1!Na\u0161e mate\u0159sk\u00e1 \u0161kola je nejen m\u00edstem z\u00e1bavy, ale i m\u00edstem v\u00fdchovy a vzd\u011bl\u00e1v\u00e1n\u00ed. D\u00edky bezbari\u00e9rov\u00e9mu p\u0159\u00edstupu spl\u0148uje po\u017eadavky i pro d\u011bti se specifick\u00fdmi pohybov\u00fdmi pot\u0159ebami. M\u00e1me k vyu\u017eit\u00ed [&hellip;]<\/p>","protected":false},"author":2,"featured_media":0,"parent":0,"menu_order":2,"comment_status":"open","ping_status":"open","template":"","meta":{"footnotes":"","_links_to":"","_links_to_target":""},"_links":{"self":[{"href":"https:\/\/www.zssanov.cz\/en\/wp-json\/wp\/v2\/pages\/3567"}],"collection":[{"href":"https:\/\/www.zssanov.cz\/en\/wp-json\/wp\/v2\/pages"}],"about":[{"href":"https:\/\/www.zssanov.cz\/en\/wp-json\/wp\/v2\/types\/page"}],"author":[{"embeddable":true,"href":"https:\/\/www.zssanov.cz\/en\/wp-json\/wp\/v2\/users\/2"}],"replies":[{"embeddable":true,"href":"https:\/\/www.zssanov.cz\/en\/wp-json\/wp\/v2\/comments?post=3567"}],"version-history":[{"count":124,"href":"https:\/\/www.zssanov.cz\/en\/wp-json\/wp\/v2\/pages\/3567\/revisions"}],"predecessor-version":[{"id":6914,"href":"https:\/\/www.zssanov.cz\/en\/wp-json\/wp\/v2\/pages\/3567\/revisions\/6914"}],"wp:attachment":[{"href":"https:\/\/www.zssanov.cz\/en\/wp-json\/wp\/v2\/media?parent=3567"}],"curies":[{"name":"wp","href":"https:\/\/api.w.org\/{rel}","templated":true}]}}