{"id":11238,"date":"2022-11-13T18:27:00","date_gmt":"2022-11-13T17:27:00","guid":{"rendered":"http:\/\/www.zssanov.cz\/?page_id=11238"},"modified":"2025-09-30T07:22:12","modified_gmt":"2025-09-30T05:22:12","slug":"skolni-parlament","status":"publish","type":"page","link":"https:\/\/www.zssanov.cz\/en\/skolni-parlament\/","title":{"rendered":"School parliament"},"content":{"rendered":"<h2 class=\"wp-block-heading\">Na na\u0161\u00ed \u0161kole p\u016fsob\u00ed ve spolupr\u00e1ci s veden\u00edm \u0161koly a koordin\u00e1tory z \u0159ad vyu\u010duj\u00edc\u00edch \u0160koln\u00ed parlament. Ten tvo\u0159\u00ed vybran\u00ed \u017e\u00e1ci 3. \u2013 9. t\u0159\u00edd.<\/h2>\n\n\n\n<p><strong>\u2713<\/strong>  \u0160KOLN\u00cd PARLAMENT zastupuje sv\u00e9 spolu\u017e\u00e1ky a sna\u017e\u00ed se prosadit jejich po\u017eadavky a n\u00e1pady.<br><strong>\u2713<\/strong>  \u0160KOLN\u00cd PARLAMENT se pod\u00edl\u00ed na chodu \u0161koly.<br><strong>\u2713<\/strong>  \u0160KOLN\u00cd PARLAMENT se spolupod\u00edl\u00ed na rozv\u00edjen\u00ed klimatu \u0161koly.<br><strong>\u2713<\/strong>  \u0160KOLN\u00cd PARLAMENT se u\u010d\u00ed odpov\u011bdnosti, spolupr\u00e1ci, demokratick\u00e9 diskuzi, respektu.<\/p>\n\n\n\n<p>Z\u00e1stupci \u0160koln\u00edho parlamentu se pravideln\u011b setk\u00e1vaj\u00ed na pracovn\u00edch sch\u016fzk\u00e1ch, na nich\u017e p\u0159edn\u00e1\u0161ej\u00ed n\u00e1vrhy a p\u0159ipom\u00ednky sv\u00fdch spolu\u017e\u00e1k\u016f ke vzd\u011bl\u00e1vac\u00edmu procesu, \u0161koln\u00edmu prost\u0159ed\u00ed, vz\u00e1jemn\u00e9mu sou\u017eit\u00ed. Je tedy prost\u0159edkem pro p\u0159enos informac\u00ed a rozv\u00edjen\u00ed spolupr\u00e1ce mezi v\u0161emi t\u0159\u00eddami. Z\u00e1rove\u0148 se sna\u017e\u00ed o napl\u0148ov\u00e1n\u00ed c\u00edl\u016f \u0161koly v oblasti osobnostn\u00ed a soci\u00e1ln\u00ed v\u00fdchovy, etick\u00e9 v\u00fdchovy a v\u00fdchovy demokratick\u00e9ho ob\u010dana.<\/p>\n\n\n\n<p>A to jsme my:<\/p>\n\n\n\n<figure class=\"wp-block-gallery has-nested-images columns-default is-cropped wp-block-gallery-1 is-layout-flex wp-block-gallery-is-layout-flex\">\n<figure class=\"wp-block-image size-large\"><img loading=\"lazy\" decoding=\"async\" width=\"700\" height=\"411\" data-id=\"17008\" src=\"https:\/\/www.zssanov.cz\/wp-content\/uploads\/556566152_1515161733581815_4118854963618109912_n-1-700x411.jpg\" alt=\"\" class=\"wp-image-17008\" srcset=\"https:\/\/www.zssanov.cz\/wp-content\/uploads\/556566152_1515161733581815_4118854963618109912_n-1-700x411.jpg 700w, https:\/\/www.zssanov.cz\/wp-content\/uploads\/556566152_1515161733581815_4118854963618109912_n-1-300x176.jpg 300w, https:\/\/www.zssanov.cz\/wp-content\/uploads\/556566152_1515161733581815_4118854963618109912_n-1-768x451.jpg 768w, https:\/\/www.zssanov.cz\/wp-content\/uploads\/556566152_1515161733581815_4118854963618109912_n-1-1536x901.jpg 1536w, https:\/\/www.zssanov.cz\/wp-content\/uploads\/556566152_1515161733581815_4118854963618109912_n-1-18x12.jpg 18w, https:\/\/www.zssanov.cz\/wp-content\/uploads\/556566152_1515161733581815_4118854963618109912_n-1.jpg 1754w\" sizes=\"(max-width: 700px) 100vw, 700px\" \/><\/figure>\n<\/figure>\n\n\n\n<p class=\"has-text-align-center\">\u010clenov\u00e9 \u0160koln\u00edho parlamentu ve \u0161k. roce 2025\/2026<\/p>\n\n\n\n<figure class=\"wp-block-image size-large is-resized\"><img loading=\"lazy\" decoding=\"async\" width=\"700\" height=\"467\" src=\"https:\/\/www.zssanov.cz\/wp-content\/uploads\/IMG_3931-700x467.jpg\" alt=\"\" class=\"wp-image-14514\" style=\"width:839px;height:auto\" srcset=\"https:\/\/www.zssanov.cz\/wp-content\/uploads\/IMG_3931-700x467.jpg 700w, https:\/\/www.zssanov.cz\/wp-content\/uploads\/IMG_3931-300x200.jpg 300w, https:\/\/www.zssanov.cz\/wp-content\/uploads\/IMG_3931-768x512.jpg 768w, https:\/\/www.zssanov.cz\/wp-content\/uploads\/IMG_3931-1536x1024.jpg 1536w, https:\/\/www.zssanov.cz\/wp-content\/uploads\/IMG_3931-2048x1365.jpg 2048w, https:\/\/www.zssanov.cz\/wp-content\/uploads\/IMG_3931-18x12.jpg 18w\" sizes=\"(max-width: 700px) 100vw, 700px\" \/><\/figure>\n\n\n\n<p class=\"has-text-align-center\">\u010clenov\u00e9 \u0160koln\u00edho parlamentu ve \u0161k. roce 2024\/2025<\/p>\n\n\n\n<figure class=\"wp-block-image size-full is-resized\"><img loading=\"lazy\" decoding=\"async\" width=\"700\" height=\"469\" src=\"http:\/\/www.zssanov.cz\/wp-content\/uploads\/parlament-1-700x469-1.jpg\" alt=\"\" class=\"wp-image-13399\" style=\"width:839px;height:562px\" srcset=\"https:\/\/www.zssanov.cz\/wp-content\/uploads\/parlament-1-700x469-1.jpg 700w, https:\/\/www.zssanov.cz\/wp-content\/uploads\/parlament-1-700x469-1-300x201.jpg 300w, https:\/\/www.zssanov.cz\/wp-content\/uploads\/parlament-1-700x469-1-18x12.jpg 18w\" sizes=\"(max-width: 700px) 100vw, 700px\" \/><\/figure>\n\n\n\n<blockquote class=\"wp-block-quote has-text-align-center is-layout-flow wp-block-quote-is-layout-flow\">\n<p>\u010clenov\u00e9 \u0160koln\u00edho parlamentu ve \u0161k. roce 2023\/2024<\/p>\n<\/blockquote>\n\n\n\n<figure class=\"wp-block-gallery aligncenter has-nested-images columns-default is-cropped wp-block-gallery-2 is-layout-flex wp-block-gallery-is-layout-flex\">\n<figure class=\"wp-block-image size-large is-style-default\"><a href=\"http:\/\/www.zssanov.cz\/wp-content\/uploads\/IMG_1846-scaled.jpg\" target=\"_blank\" rel=\"noopener\"><img loading=\"lazy\" decoding=\"async\" width=\"700\" height=\"506\" data-id=\"11242\" src=\"http:\/\/www.zssanov.cz\/wp-content\/uploads\/IMG_1846-700x506.jpg\" alt=\"\" class=\"wp-image-11242\" srcset=\"https:\/\/www.zssanov.cz\/wp-content\/uploads\/IMG_1846-700x506.jpg 700w, https:\/\/www.zssanov.cz\/wp-content\/uploads\/IMG_1846-300x217.jpg 300w, https:\/\/www.zssanov.cz\/wp-content\/uploads\/IMG_1846-768x556.jpg 768w, https:\/\/www.zssanov.cz\/wp-content\/uploads\/IMG_1846-1536x1111.jpg 1536w, https:\/\/www.zssanov.cz\/wp-content\/uploads\/IMG_1846-2048x1481.jpg 2048w\" sizes=\"(max-width: 700px) 100vw, 700px\" \/><\/a><\/figure>\n<\/figure>\n\n\n\n<blockquote class=\"wp-block-quote has-text-align-center is-layout-flow wp-block-quote-is-layout-flow\">\n<p>\u010clenov\u00e9 \u0160koln\u00edho parlamentu ve \u0161k. roce 2022\/2023<\/p>\n<\/blockquote>","protected":false},"excerpt":{"rendered":"<p>Na na\u0161\u00ed \u0161kole p\u016fsob\u00ed ve spolupr\u00e1ci s veden\u00edm \u0161koly a koordin\u00e1tory z \u0159ad vyu\u010duj\u00edc\u00edch \u0160koln\u00ed parlament. Ten tvo\u0159\u00ed vybran\u00ed \u017e\u00e1ci 3. \u2013 9. t\u0159\u00edd. \u2713 \u0160KOLN\u00cd PARLAMENT zastupuje sv\u00e9 spolu\u017e\u00e1ky a sna\u017e\u00ed se prosadit jejich po\u017eadavky a n\u00e1pady.\u2713 \u0160KOLN\u00cd PARLAMENT se pod\u00edl\u00ed na chodu \u0161koly.\u2713 \u0160KOLN\u00cd PARLAMENT se spolupod\u00edl\u00ed na rozv\u00edjen\u00ed klimatu \u0161koly.\u2713 \u0160KOLN\u00cd PARLAMENT [&hellip;]<\/p>","protected":false},"author":2,"featured_media":0,"parent":0,"menu_order":4,"comment_status":"closed","ping_status":"closed","template":"","meta":{"footnotes":"","_links_to":"","_links_to_target":""},"_links":{"self":[{"href":"https:\/\/www.zssanov.cz\/en\/wp-json\/wp\/v2\/pages\/11238"}],"collection":[{"href":"https:\/\/www.zssanov.cz\/en\/wp-json\/wp\/v2\/pages"}],"about":[{"href":"https:\/\/www.zssanov.cz\/en\/wp-json\/wp\/v2\/types\/page"}],"author":[{"embeddable":true,"href":"https:\/\/www.zssanov.cz\/en\/wp-json\/wp\/v2\/users\/2"}],"replies":[{"embeddable":true,"href":"https:\/\/www.zssanov.cz\/en\/wp-json\/wp\/v2\/comments?post=11238"}],"version-history":[{"count":15,"href":"https:\/\/www.zssanov.cz\/en\/wp-json\/wp\/v2\/pages\/11238\/revisions"}],"predecessor-version":[{"id":17010,"href":"https:\/\/www.zssanov.cz\/en\/wp-json\/wp\/v2\/pages\/11238\/revisions\/17010"}],"wp:attachment":[{"href":"https:\/\/www.zssanov.cz\/en\/wp-json\/wp\/v2\/media?parent=11238"}],"curies":[{"name":"wp","href":"https:\/\/api.w.org\/{rel}","templated":true}]}}