{"id":10129,"date":"2022-03-23T10:17:42","date_gmt":"2022-03-23T09:17:42","guid":{"rendered":"http:\/\/www.zssanov.cz\/?page_id=10129"},"modified":"2026-04-01T10:06:24","modified_gmt":"2026-04-01T08:06:24","slug":"dulezite-dokumenty-nasi-skoly-2","status":"publish","type":"page","link":"https:\/\/www.zssanov.cz\/en\/https-www-zssanov-cz-o-nas-o-nas\/dulezite-dokumenty-nasi-skoly-2\/","title":{"rendered":"Important documents of elementary school"},"content":{"rendered":"<p><strong><a href=\"https:\/\/www.zssanov.cz\/wp-content\/uploads\/ZS_Sanov_PLATNY_od_01_09_2022.pdf\" target=\"_blank\" rel=\"noreferrer noopener\">\u0160koln\u00ed vzd\u011bl\u00e1vac\u00ed program z\u00e1kladn\u00ed \u0161koly<\/a><\/strong><\/p>\n\n\n\n<p><strong><a href=\"https:\/\/www.zssanov.cz\/wp-content\/uploads\/Skolni_rad_PLATNY_od_01_09_2022-3.pdf\" data-type=\"URL\" data-id=\"http:\/\/www.zssanov.cz\/wp-content\/uploads\/Skolni_rad_PLATNY_od_01_09_2022-1.pdf\" target=\"_blank\" rel=\"noreferrer noopener\">\u0160koln\u00ed \u0159\u00e1d<\/a><\/strong><\/p>\n\n\n\n<hr class=\"wp-block-separator has-css-opacity\"\/>\n\n\n\n<p><strong><a href=\"https:\/\/www.zssanov.cz\/wp-content\/uploads\/Preventivni_program_skoly_2025_2026.pdf\" target=\"_blank\" rel=\"noreferrer noopener\">Preventivn\u00ed program \u0161koly<\/a><\/strong><\/p>\n\n\n\n<p><strong><a href=\"https:\/\/www.zssanov.cz\/wp-content\/uploads\/ICT_plan_skoly_sanov_-2025_26.pdf\" target=\"_blank\" rel=\"noreferrer noopener\">Pl\u00e1n ICT<\/a><\/strong><\/p>\n\n\n\n<p><strong><a href=\"https:\/\/www.zssanov.cz\/wp-content\/uploads\/plan-EVVO-25_26.pdf\" target=\"_blank\" rel=\"noreferrer noopener\">Pl\u00e1n EVVO<\/a><\/strong><\/p>\n\n\n\n<hr class=\"wp-block-separator has-css-opacity\"\/>\n\n\n\n<p><a href=\"https:\/\/www.zssanov.cz\/wp-content\/uploads\/Organizace_skolniho_roku_2025_2026.pdf\" target=\"_blank\" rel=\"noreferrer noopener\"><strong>Organizace \u0161koln\u00edho roku 2025\/2026 na z\u00e1kladn\u00edch \u0161kol\u00e1ch<\/strong><\/a><\/p>\n\n\n\n<p><a href=\"https:\/\/www.zssanov.cz\/wp-content\/uploads\/Rozrh_skolnich_poradenskych_sluzeb_25_26.pdf\" data-type=\"link\" data-id=\"https:\/\/www.zssanov.cz\/wp-content\/uploads\/Skolni_poradenske_pracoviste_2024_2025-1.pdf\" target=\"_blank\" rel=\"noreferrer noopener\"><strong>Rozvrh \u0161koln\u00edch poradensk\u00fdch slu\u017eeb 2025\/2026<\/strong><\/a><\/p>\n\n\n\n<p><a href=\"https:\/\/www.zssanov.cz\/wp-content\/uploads\/Skolni_poradenske_pracoviste_2025-2026.pdf\" data-type=\"link\" data-id=\"https:\/\/www.zssanov.cz\/wp-content\/uploads\/Skolni_poradenske_pracoviste_2024_2025-1.pdf\" target=\"_blank\" rel=\"noreferrer noopener\"><strong>\u0160koln\u00ed poradensk\u00e9 pracovi\u0161t\u011b 2025\/2026<\/strong><\/a><\/p>\n\n\n\n<hr class=\"wp-block-separator has-css-opacity\"\/>\n\n\n\n<p><strong><a href=\"http:\/\/www.zssanov.cz\/wp-content\/uploads\/Informace_o_zpracovni_osobnich_udaju.pdf\" target=\"_blank\" rel=\"noreferrer noopener\">Informace o zpracov\u00e1n\u00ed osobn\u00edch \u00fadaj\u016f<\/a><\/strong><\/p>\n\n\n\n<hr class=\"wp-block-separator has-css-opacity\"\/>\n\n\n\n<p><strong><a href=\"https:\/\/www.zssanov.cz\/wp-content\/uploads\/vyrocni_zprava_24_25.pdf\" data-type=\"URL\" data-id=\"http:\/\/www.zssanov.cz\/wp-content\/uploads\/Vyrocni_zprava_22_23.pdf\" target=\"_blank\" rel=\"noreferrer noopener\">V\u00fdro\u010dn\u00ed zpr\u00e1va za rok 2024\/2025<\/a><\/strong><\/p>\n\n\n\n<p><strong><a href=\"https:\/\/www.zssanov.cz\/wp-content\/uploads\/zaverecna-zprava_2025.pdf\" data-type=\"link\" data-id=\"https:\/\/www.zssanov.cz\/wp-content\/uploads\/zaverecna-zprava_2025.pdf\">Z\u00e1v\u011bre\u010dn\u00e1 zpr\u00e1va o hospoda\u0159en\u00ed za rok 2025<\/a><\/strong><\/p>\n\n\n\n<hr class=\"wp-block-separator has-alpha-channel-opacity\"\/>\n\n\n\n<p><a href=\"http:\/\/www.zssanov.cz\/wp-content\/uploads\/20230512095646132-1.pdf\" data-type=\"URL\" data-id=\"http:\/\/www.zssanov.cz\/wp-content\/uploads\/20230512095646132-1.pdf\" target=\"_blank\" rel=\"noreferrer noopener\"><strong>Poskytnut\u00ed informac\u00ed<\/strong><\/a><\/p>","protected":false},"excerpt":{"rendered":"<p>\u0160koln\u00ed vzd\u011bl\u00e1vac\u00ed program z\u00e1kladn\u00ed \u0161koly \u0160koln\u00ed \u0159\u00e1d Preventivn\u00ed program \u0161koly Pl\u00e1n ICT Pl\u00e1n EVVO Organizace \u0161koln\u00edho roku 2025\/2026 na z\u00e1kladn\u00edch \u0161kol\u00e1ch Rozvrh \u0161koln\u00edch poradensk\u00fdch slu\u017eeb 2025\/2026 \u0160koln\u00ed poradensk\u00e9 pracovi\u0161t\u011b 2025\/2026 Informace o zpracov\u00e1n\u00ed osobn\u00edch \u00fadaj\u016f V\u00fdro\u010dn\u00ed zpr\u00e1va za rok 2024\/2025 Z\u00e1v\u011bre\u010dn\u00e1 zpr\u00e1va o hospoda\u0159en\u00ed za rok 2025 Poskytnut\u00ed informac\u00ed<\/p>","protected":false},"author":2,"featured_media":0,"parent":201,"menu_order":2,"comment_status":"closed","ping_status":"closed","template":"","meta":{"footnotes":"","_links_to":"","_links_to_target":""},"_links":{"self":[{"href":"https:\/\/www.zssanov.cz\/en\/wp-json\/wp\/v2\/pages\/10129"}],"collection":[{"href":"https:\/\/www.zssanov.cz\/en\/wp-json\/wp\/v2\/pages"}],"about":[{"href":"https:\/\/www.zssanov.cz\/en\/wp-json\/wp\/v2\/types\/page"}],"author":[{"embeddable":true,"href":"https:\/\/www.zssanov.cz\/en\/wp-json\/wp\/v2\/users\/2"}],"replies":[{"embeddable":true,"href":"https:\/\/www.zssanov.cz\/en\/wp-json\/wp\/v2\/comments?post=10129"}],"version-history":[{"count":61,"href":"https:\/\/www.zssanov.cz\/en\/wp-json\/wp\/v2\/pages\/10129\/revisions"}],"predecessor-version":[{"id":17673,"href":"https:\/\/www.zssanov.cz\/en\/wp-json\/wp\/v2\/pages\/10129\/revisions\/17673"}],"up":[{"embeddable":true,"href":"https:\/\/www.zssanov.cz\/en\/wp-json\/wp\/v2\/pages\/201"}],"wp:attachment":[{"href":"https:\/\/www.zssanov.cz\/en\/wp-json\/wp\/v2\/media?parent=10129"}],"curies":[{"name":"wp","href":"https:\/\/api.w.org\/{rel}","templated":true}]}}