{"id":10121,"date":"2022-03-23T10:13:14","date_gmt":"2022-03-23T09:13:14","guid":{"rendered":"http:\/\/www.zssanov.cz\/?page_id=10121"},"modified":"2024-01-07T19:21:04","modified_gmt":"2024-01-07T18:21:04","slug":"formulare-ke-stazeni","status":"publish","type":"page","link":"https:\/\/www.zssanov.cz\/en\/https-www-zssanov-cz-o-nas-o-nas\/formulare-ke-stazeni\/","title":{"rendered":"Forms of download"},"content":{"rendered":"<p><strong><a href=\"http:\/\/www.zssanov.cz\/wp-content\/uploads\/Prihlaska_na_krouzek-3.docx\" target=\"_blank\" rel=\"noreferrer noopener\">P\u0159ihl\u00e1\u0161ka do z\u00e1jmov\u00e9ho krou\u017eku<\/a><\/strong><\/p>\n\n\n\n<p><strong><a href=\"http:\/\/www.zssanov.cz\/wp-content\/uploads\/Zadost_o_uvolneni_zaka_z_vyucovani-3.docx\" target=\"_blank\" rel=\"noreferrer noopener\">\u017d\u00e1dost o uvoln\u011bn\u00ed \u017e\u00e1ka z vyu\u010dov\u00e1n\u00ed<\/a><\/strong><\/p>\n\n\n\n<p><strong><a href=\"http:\/\/www.zssanov.cz\/wp-content\/uploads\/Zadost_o_uvolneni_z_TV.docx\" target=\"_blank\" rel=\"noreferrer noopener\">\u017d\u00e1dost o uvoln\u011bn\u00ed \u017e\u00e1ka z t\u011blesn\u00e9 v\u00fdchovy<\/a><\/strong><\/p>\n\n\n\n<p><strong><a href=\"http:\/\/www.zssanov.cz\/wp-content\/uploads\/Darovaci_smlouva_2023_tiskopis.doc\" target=\"_blank\" rel=\"noreferrer noopener\">Darovac\u00ed smlouva<\/a><\/strong><\/p>\n\n\n\n<p><a href=\"http:\/\/www.zssanov.cz\/wp-content\/uploads\/Odvolani_souhlasu_se_zpracovanim_osobnich_udaju-1.docx\" target=\"_blank\" rel=\"noreferrer noopener\"><strong>Odvol\u00e1n\u00ed souhlasu se zpracov\u00e1n\u00edm osobn\u00edch \u00fadaj\u016f<\/strong><\/a><\/p>","protected":false},"excerpt":{"rendered":"<p>P\u0159ihl\u00e1\u0161ka do z\u00e1jmov\u00e9ho krou\u017eku \u017d\u00e1dost o uvoln\u011bn\u00ed \u017e\u00e1ka z vyu\u010dov\u00e1n\u00ed \u017d\u00e1dost o uvoln\u011bn\u00ed \u017e\u00e1ka z t\u011blesn\u00e9 v\u00fdchovy Darovac\u00ed smlouva Odvol\u00e1n\u00ed souhlasu se zpracov\u00e1n\u00edm osobn\u00edch \u00fadaj\u016f<\/p>","protected":false},"author":2,"featured_media":0,"parent":201,"menu_order":1,"comment_status":"closed","ping_status":"closed","template":"","meta":{"footnotes":"","_links_to":"","_links_to_target":""},"_links":{"self":[{"href":"https:\/\/www.zssanov.cz\/en\/wp-json\/wp\/v2\/pages\/10121"}],"collection":[{"href":"https:\/\/www.zssanov.cz\/en\/wp-json\/wp\/v2\/pages"}],"about":[{"href":"https:\/\/www.zssanov.cz\/en\/wp-json\/wp\/v2\/types\/page"}],"author":[{"embeddable":true,"href":"https:\/\/www.zssanov.cz\/en\/wp-json\/wp\/v2\/users\/2"}],"replies":[{"embeddable":true,"href":"https:\/\/www.zssanov.cz\/en\/wp-json\/wp\/v2\/comments?post=10121"}],"version-history":[{"count":4,"href":"https:\/\/www.zssanov.cz\/en\/wp-json\/wp\/v2\/pages\/10121\/revisions"}],"predecessor-version":[{"id":13271,"href":"https:\/\/www.zssanov.cz\/en\/wp-json\/wp\/v2\/pages\/10121\/revisions\/13271"}],"up":[{"embeddable":true,"href":"https:\/\/www.zssanov.cz\/en\/wp-json\/wp\/v2\/pages\/201"}],"wp:attachment":[{"href":"https:\/\/www.zssanov.cz\/en\/wp-json\/wp\/v2\/media?parent=10121"}],"curies":[{"name":"wp","href":"https:\/\/api.w.org\/{rel}","templated":true}]}}