{"id":10588,"date":"2022-06-21T16:14:01","date_gmt":"2022-06-21T14:14:01","guid":{"rendered":"http:\/\/www.zssanov.cz\/?page_id=10588"},"modified":"2022-06-22T09:08:23","modified_gmt":"2022-06-22T07:08:23","slug":"skolni-druzina","status":"publish","type":"page","link":"http:\/\/www.zssanov.cz\/en\/skolni-druzina\/","title":{"rendered":"School club"},"content":{"rendered":"<div class=\"wp-block-image\">\n<figure class=\"alignleft size-large is-resized\"><img loading=\"lazy\" decoding=\"async\" src=\"http:\/\/www.zssanov.cz\/wp-content\/uploads\/20220422_114250-2-700x394.jpg\" alt=\"\" class=\"wp-image-10610\" width=\"378\" height=\"213\" srcset=\"https:\/\/www.zssanov.cz\/wp-content\/uploads\/20220422_114250-2-700x394.jpg 700w, https:\/\/www.zssanov.cz\/wp-content\/uploads\/20220422_114250-2-300x169.jpg 300w, https:\/\/www.zssanov.cz\/wp-content\/uploads\/20220422_114250-2-768x432.jpg 768w, https:\/\/www.zssanov.cz\/wp-content\/uploads\/20220422_114250-2.jpg 1000w\" sizes=\"(max-width: 378px) 100vw, 378px\" \/><\/figure><\/div>\n\n\n<p><strong>Posl\u00e1n\u00ed:<\/strong><br>\u0160koln\u00ed dru\u017eina je za\u0159\u00edzen\u00edm pro v\u00fdchovu mimo vyu\u010dov\u00e1n\u00ed. Je prov\u00e1z\u00e1na se \u0161kolou, ale m\u00e1 sv\u00e1 specifika. D\u00edt\u011bti zabezpe\u010duje odpo\u010dinek, rekreaci, ale i zaj\u00edmav\u00e9 vyu\u017eit\u00ed voln\u00e9ho \u010dasu formou z\u00e1jmov\u00e9ho vzd\u011bl\u00e1v\u00e1n\u00ed v z\u00e1jmov\u00fdch a spont\u00e1nn\u00edch \u010dinnostech.<br><\/p>\n\n\n\n<p><strong>Vize:<\/strong><br>Hlavn\u00ed viz\u00ed \u0161koln\u00ed dru\u017einy je poskytnout ka\u017ed\u00e9mu d\u00edt\u011bti mo\u017enost za\u017e\u00edt \u00fasp\u011bch prost\u0159ednictv\u00edm cel\u00e9 \u0159ady r\u016fzn\u00fdch aktivit. \u017d\u00e1ci z\u00edsk\u00e1vaj\u00ed pot\u0159ebn\u00e9 znalosti, ale i dovednosti a n\u00e1vyky, kter\u00e9 jim umo\u017en\u00ed l\u00e9pe se orientovat v b\u011b\u017en\u00e9m \u017eivot\u011b.<br><\/p>\n\n\n\n<p><strong>V\u00fdchodiska:<\/strong><br>\u0160VP \u0161koln\u00ed dru\u017einy vych\u00e1z\u00ed ze \u0160VP Z\u0160 \u0160anov.<\/p>\n\n\n\n<p><\/p>\n\n\n<div class=\"wp-block-image\">\n<figure class=\"alignright size-large is-resized\"><img loading=\"lazy\" decoding=\"async\" src=\"http:\/\/www.zssanov.cz\/wp-content\/uploads\/20220429_115419-2-700x394.jpg\" alt=\"\" class=\"wp-image-10612\" width=\"490\" height=\"276\" srcset=\"https:\/\/www.zssanov.cz\/wp-content\/uploads\/20220429_115419-2-700x394.jpg 700w, https:\/\/www.zssanov.cz\/wp-content\/uploads\/20220429_115419-2-300x169.jpg 300w, https:\/\/www.zssanov.cz\/wp-content\/uploads\/20220429_115419-2-768x432.jpg 768w, https:\/\/www.zssanov.cz\/wp-content\/uploads\/20220429_115419-2.jpg 1000w\" sizes=\"(max-width: 490px) 100vw, 490px\" \/><\/figure><\/div>\n\n\n<p><strong>Spolupr\u00e1ce s rodi\u010di (z\u00e1konn\u00fdmi z\u00e1stupci):<\/strong><br>Spolupr\u00e1ce s rodi\u010di \u010di z\u00e1konn\u00fdmi z\u00e1stupci m\u00e1 podobu zejm\u00e9na neform\u00e1ln\u00edch rozhovor\u016f p\u0159i p\u0159\u00edle\u017eitostn\u00fdch setk\u00e1n\u00edch, p\u0159i p\u0159ed\u00e1v\u00e1n\u00ed \u017e\u00e1k\u016f. Vychovatelka se \u00fa\u010dastn\u00ed t\u0159\u00eddn\u00edch sch\u016fzek po domluv\u011b s rodi\u010di, pod\u00e1v\u00e1 informace telefonicky nebo osobn\u011b dle pot\u0159eby.<\/p>\n\n\n\n<p>D\u00e1le doch\u00e1z\u00ed k setk\u00e1v\u00e1n\u00ed s rodi\u010di a z\u00e1konn\u00fdmi z\u00e1stupci p\u0159i r\u016fzn\u00fdch akc\u00edch v r\u00e1mci obce, nap\u0159.:<br>\u00b7 rozsv\u011bcov\u00e1n\u00ed v\u00e1no\u010dn\u00edho strome\u010dku,<br>\u00b7 lampionov\u00fd pr\u016fvod k 17.11.,<br>\u00b7 oslava MDD,<br>\u00b7 cyklov\u00fdlet u p\u0159\u00edle\u017eitosti Otv\u00edr\u00e1n\u00ed stud\u00e1nky.<br><\/p>\n\n\n\n<p><strong>Dlouhodob\u00e9 projekty:<\/strong><br>\u00b7 Ovoce do \u0161kol,<br>\u00b7 Dopravn\u00ed v\u00fdchova, j\u00edzda zru\u010dnosti, bezpe\u010dnost, zdravov\u011bda,<br>\u00b7 Den Zem\u011b,<br>\u00b7 Andersenova noc,<br>\u00b7 Recita\u010dn\u00ed sout\u011b\u017e,<br>\u00b7 V\u00fdtvarn\u00e1 sout\u011b\u017e,<br>\u00b7 Recyklohran\u00ed, t\u0159\u00edd\u00edme odpad a chov\u00e1me se ekologicky.<\/p>\n\n\n\n<p><strong>Spolupr\u00e1ce s dal\u0161\u00edmi subjekty:<\/strong><br>\u0160koln\u00ed dru\u017eina spolupracuje s obc\u00ed \u0160anov, Dobrovoln\u00fdmi hasi\u010di a Mysliveck\u00fdm sdru\u017een\u00edm \u0160anov.<\/p>","protected":false},"excerpt":{"rendered":"<p>Posl\u00e1n\u00ed:\u0160koln\u00ed dru\u017eina je za\u0159\u00edzen\u00edm pro v\u00fdchovu mimo vyu\u010dov\u00e1n\u00ed. Je prov\u00e1z\u00e1na se \u0161kolou, ale m\u00e1 sv\u00e1 specifika. D\u00edt\u011bti zabezpe\u010duje odpo\u010dinek, rekreaci, ale i zaj\u00edmav\u00e9 vyu\u017eit\u00ed voln\u00e9ho \u010dasu formou z\u00e1jmov\u00e9ho vzd\u011bl\u00e1v\u00e1n\u00ed v z\u00e1jmov\u00fdch a spont\u00e1nn\u00edch \u010dinnostech. Vize:Hlavn\u00ed viz\u00ed \u0161koln\u00ed dru\u017einy je poskytnout ka\u017ed\u00e9mu d\u00edt\u011bti mo\u017enost za\u017e\u00edt \u00fasp\u011bch prost\u0159ednictv\u00edm cel\u00e9 \u0159ady r\u016fzn\u00fdch aktivit. \u017d\u00e1ci z\u00edsk\u00e1vaj\u00ed pot\u0159ebn\u00e9 znalosti, ale [&hellip;]<\/p>","protected":false},"author":2,"featured_media":0,"parent":0,"menu_order":3,"comment_status":"closed","ping_status":"closed","template":"","meta":{"footnotes":"","_links_to":"","_links_to_target":""},"_links":{"self":[{"href":"http:\/\/www.zssanov.cz\/en\/wp-json\/wp\/v2\/pages\/10588"}],"collection":[{"href":"http:\/\/www.zssanov.cz\/en\/wp-json\/wp\/v2\/pages"}],"about":[{"href":"http:\/\/www.zssanov.cz\/en\/wp-json\/wp\/v2\/types\/page"}],"author":[{"embeddable":true,"href":"http:\/\/www.zssanov.cz\/en\/wp-json\/wp\/v2\/users\/2"}],"replies":[{"embeddable":true,"href":"http:\/\/www.zssanov.cz\/en\/wp-json\/wp\/v2\/comments?post=10588"}],"version-history":[{"count":3,"href":"http:\/\/www.zssanov.cz\/en\/wp-json\/wp\/v2\/pages\/10588\/revisions"}],"predecessor-version":[{"id":10613,"href":"http:\/\/www.zssanov.cz\/en\/wp-json\/wp\/v2\/pages\/10588\/revisions\/10613"}],"wp:attachment":[{"href":"http:\/\/www.zssanov.cz\/en\/wp-json\/wp\/v2\/media?parent=10588"}],"curies":[{"name":"wp","href":"https:\/\/api.w.org\/{rel}","templated":true}]}}